{"id":54927,"date":"2024-10-31T11:00:14","date_gmt":"2024-10-31T15:00:14","guid":{"rendered":"https:\/\/urnesbegin.com\/?page_id=54927"},"modified":"2024-10-31T12:11:07","modified_gmt":"2024-10-31T16:11:07","slug":"privacy-fr","status":"publish","type":"page","link":"https:\/\/urnesbegin.com\/?page_id=54927&lang=fr","title":{"rendered":"Privacy-FR"},"content":{"rendered":"[vc_row type=&#8221;in_container&#8221; full_screen_row_position=&#8221;middle&#8221; scene_position=&#8221;center&#8221; text_color=&#8221;dark&#8221; text_align=&#8221;left&#8221; disable_element=&#8221;yes&#8221; overlay_strength=&#8221;0.3&#8243;][vc_column column_padding=&#8221;no-extra-padding&#8221; column_padding_position=&#8221;all&#8221; background_color_opacity=&#8221;1&#8243; background_hover_color_opacity=&#8221;1&#8243; width=&#8221;1\/1&#8243; tablet_text_alignment=&#8221;default&#8221; phone_text_alignment=&#8221;default&#8221;]<div class=\"img-with-aniamtion-wrap center\" data-max-width=\"100%\"><div class=\"inner\"><img loading=\"lazy\" decoding=\"async\" data-shadow=\"none\" data-shadow-direction=\"middle\" class=\"img-with-animation \" data-delay=\"0\" height=\"500\" width=\"1200\" data-animation=\"fade-in\" src=\"https:\/\/urnesbegin.com\/wp-content\/uploads\/2024\/07\/ban_begin_web_2024_career_01.jpg\" alt=\"\" \/><\/div><\/div>[\/vc_column][\/vc_row][vc_row type=&#8221;full_width_background&#8221; full_screen_row_position=&#8221;middle&#8221; scene_position=&#8221;center&#8221; text_color=&#8221;dark&#8221; text_align=&#8221;left&#8221; top_padding=&#8221;0&#8243; class=&#8221;nomarginTB&#8221; overlay_strength=&#8221;0.3&#8243;][vc_column column_padding=&#8221;no-extra-padding&#8221; column_padding_position=&#8221;all&#8221; background_color_opacity=&#8221;1&#8243; background_hover_color_opacity=&#8221;1&#8243; width=&#8221;1\/6&#8243; tablet_text_alignment=&#8221;default&#8221; phone_text_alignment=&#8221;default&#8221;][vc_column_text]\n<p>&nbsp;<\/p>\n[\/vc_column_text][\/vc_column][vc_column column_padding=&#8221;no-extra-padding&#8221; column_padding_position=&#8221;all&#8221; background_color_opacity=&#8221;0.5&#8243; background_hover_color_opacity=&#8221;1&#8243; width=&#8221;2\/3&#8243; tablet_text_alignment=&#8221;default&#8221; phone_text_alignment=&#8221;default&#8221;][vc_column_text css=&#8221;.vc_custom_1730317519670{padding-top: 40px !important;}&#8221;]\n<h1 id=\"careers\" style=\"text-align: center;\">Politique de Confidentialit\u00e9<\/h1>\n[\/vc_column_text][vc_column_text css=&#8221;.vc_custom_1730313611799{padding-top: 20px !important;padding-right: 50px !important;padding-bottom: 50px !important;padding-left: 50px !important;}&#8221;]\n<h2 class=\"c2\"><span class=\"c0\">Derni\u00e8re mise \u00e0 jour: 28 octobre 2024<\/span><\/h2>\n<p class=\"c2\"><span class=\"c0\">Cette politique de confidentialit\u00e9 d\u00e9crit nos politiques et proc\u00e9dures concernant la collecte, l&#8217;utilisation et la divulgation de vos informations lorsque vous utilisez le Service, et vous informe de vos droits en mati\u00e8re de confidentialit\u00e9 ainsi que des protections l\u00e9gales en vigueur.<\/span><\/p>\n<p class=\"c2\"><span class=\"c0\">Nous utilisons vos donn\u00e9es personnelles pour fournir et am\u00e9liorer le Service. En utilisant le Service, vous acceptez la collecte et l&#8217;utilisation des informations conform\u00e9ment \u00e0 cette politique de confidentialit\u00e9. Cette politique de confidentialit\u00e9 a \u00e9t\u00e9 cr\u00e9\u00e9e avec l&#8217;aide du g\u00e9n\u00e9rateur de politique de confidentialit\u00e9.<\/span><\/p>\n<h2 class=\"c2\"><span class=\"c1\">Interpr\u00e9tation et D\u00e9finitions<\/span><\/h2>\n<p class=\"c2\"><span class=\"c0\">Les mots dont la premi\u00e8re lettre est en majuscule ont des significations d\u00e9finies dans les conditions suivantes. Ces d\u00e9finitions conservent la m\u00eame signification, qu&#8217;elles apparaissent au singulier ou au pluriel.<\/span><\/p>\n<h4 class=\"c2\"><span class=\"c4\">D\u00e9finitions <\/span><\/h4>\n<p class=\"c2\"><span class=\"c0\">Aux fins de cette politique de confidentialit\u00e9 :<\/span><\/p>\n<p class=\"c2\"><span class=\"c0\">\u00ab&nbsp;Compte&nbsp;\u00bb signifie un compte unique cr\u00e9\u00e9 pour que vous puissiez acc\u00e9der \u00e0 notre Service ou \u00e0 certaines de ses parties.<\/span><\/p>\n<p class=\"c2\"><span class=\"c0\">\u00ab&nbsp;Affili\u00e9&nbsp;\u00bb d\u00e9signe une entit\u00e9 qui contr\u00f4le, est contr\u00f4l\u00e9e par ou est sous contr\u00f4le commun avec une autre partie, o\u00f9 le \u00ab contr\u00f4le \u00bb signifie la d\u00e9tention de 50 % ou plus des actions ou droits de vote.<\/span><\/p>\n<p class=\"c2\"><span class=\"c0\">\u00ab&nbsp;Entreprise&nbsp;\u00bb (r\u00e9f\u00e9r\u00e9e ici comme \u00ab l&#8217;Entreprise \u00bb, \u00ab Nous \u00bb, \u00ab Notre \u00bb) se r\u00e9f\u00e8re \u00e0 Les Urnes B\u00e9gin Inc., 535, 2e avenue, L\u00e9vis (Qu\u00e9bec) G6W 5M6.<\/span><\/p>\n<p class=\"c2\"><span class=\"c0\">\u00ab&nbsp;Cookies&nbsp;\u00bb sont de petits fichiers plac\u00e9s sur votre ordinateur, appareil mobile ou tout autre appareil par un site internet, et qui contiennent des informations sur votre historique de navigation, entre autres utilisations.<\/span><\/p>\n<p class=\"c2\"><span class=\"c0\">\u00ab&nbsp;Pays&nbsp;\u00bb se r\u00e9f\u00e8re au Qu\u00e9bec, Canada.<\/span><\/p>\n<p class=\"c2\"><span class=\"c0\">\u00ab&nbsp;Appareil&nbsp;\u00bb d\u00e9signe tout appareil capable d&#8217;acc\u00e9der au Service, tel qu&#8217;un ordinateur, un t\u00e9l\u00e9phone mobile ou une tablette num\u00e9rique.<\/span><\/p>\n<p class=\"c2\"><span class=\"c0\">\u00ab&nbsp;Donn\u00e9es personnelles&nbsp;\u00bb signifie toute information relative \u00e0 une personne identifiable.<\/span><\/p>\n<p class=\"c2\"><span class=\"c0\">\u00ab&nbsp;Service&nbsp;\u00bb d\u00e9signe le site web.<\/span><\/p>\n<p class=\"c2\"><span class=\"c0\">\u00ab&nbsp;Fournisseur de service&nbsp;\u00bb d\u00e9signe toute personne physique ou morale qui traite les donn\u00e9es pour le compte de l&#8217;Entreprise. Cela inclut les entreprises ou individus tiers employ\u00e9s pour faciliter le Service, fournir le Service pour le compte de l&#8217;Entreprise, ex\u00e9cuter des services li\u00e9s au Service ou aider l&#8217;Entreprise \u00e0 analyser l&#8217;utilisation du Service.<\/span><\/p>\n<p class=\"c2\"><span class=\"c0\">\u00ab&nbsp;Donn\u00e9es d\u2019utilisation&nbsp;\u00bb d\u00e9signe les donn\u00e9es collect\u00e9es automatiquement, g\u00e9n\u00e9r\u00e9es soit par l\u2019utilisation du Service, soit par l&#8217;infrastructure du Service elle-m\u00eame (par exemple, la dur\u00e9e d&#8217;une visite de page).<\/span><\/p>\n<p class=\"c2\"><span class=\"c0\">\u00ab Site web \u00bb d\u00e9signe Begin Urnes, accessible depuis (<a href=\"https:\/\/urnesbegin.com\">https:\/\/urnesbegin.com<\/a>).<\/span><\/p>\n<p class=\"c2\"><span class=\"c0\">\u00ab&nbsp;Vous&nbsp;\u00bb signifie la personne acc\u00e9dant ou utilisant le Service, ou l\u2019entreprise ou entit\u00e9 l\u00e9gale au nom de laquelle cette personne acc\u00e8de ou utilise le Service, selon le cas.<\/span><\/p>\n<h2 class=\"c2\"><span class=\"c1\">Collecte et Utilisation de vos Donn\u00e9es Personnelles<\/span><\/h2>\n<p class=\"c2\"><span class=\"c4\">Types de Donn\u00e9es Collect\u00e9es <\/span><\/p>\n<p class=\"c2\"><span class=\"c0\">\u00ab&nbsp;Donn\u00e9es Personnelles&nbsp;\u00bb : Lors de l&#8217;utilisation de notre Service, nous pouvons vous demander de fournir certaines informations personnelles identifiables pour vous contacter ou vous identifier. Ces informations incluent, sans s&#8217;y limiter :<\/span><\/p>\n<p class=\"c2\"><span class=\"c0\">&nbsp; &#8211; Adresse e-mail<\/span><\/p>\n<p class=\"c2\"><span class=\"c0\">&nbsp; &#8211; Pr\u00e9nom et nom<\/span><\/p>\n<p class=\"c2\"><span class=\"c0\">&nbsp; &#8211; Num\u00e9ro de t\u00e9l\u00e9phone<\/span><\/p>\n<p class=\"c2\"><span class=\"c0\">&nbsp; &#8211; Adresse, \u00e9tat, province, code postal, ville<\/span><\/p>\n<h2 class=\"c2\"><span class=\"c4\">Donn\u00e9es d\u2019utilisation &nbsp;<\/span><\/h2>\n<p class=\"c2\"><span class=\"c0\">Les donn\u00e9es d\u2019utilisation sont collect\u00e9es automatiquement lors de l\u2019utilisation du Service. Elles peuvent inclure des informations telles que l&#8217;adresse IP de votre appareil, le type de navigateur, la version du navigateur, les pages de notre Service que vous visitez, l&#8217;heure et la date de votre visite, le temps pass\u00e9 sur ces pages, et d&#8217;autres donn\u00e9es de diagnostic.<\/span><\/p>\n<h2 class=\"c2\"><span class=\"c4\">Technologies de Suivi et Cookies <\/span><\/h2>\n<p class=\"c2\"><span class=\"c0\">Nous utilisons des Cookies et des technologies de suivi similaires pour suivre l&#8217;activit\u00e9 sur notre Service et stocker certaines informations. Les technologies que nous utilisons incluent :<\/span><\/p>\n<p class=\"c2\"><span class=\"c0\">\u00ab&nbsp;Cookies de navigateur&nbsp;\u00bb : petits fichiers stock\u00e9s sur votre appareil.<\/span><\/p>\n<p class=\"c2\"><span class=\"c0\">\u00ab&nbsp;Balises web&nbsp;\u00bb : fichiers \u00e9lectroniques ins\u00e9r\u00e9s dans certaines sections de notre Service et nos e-mails permettant de suivre l&#8217;engagement des utilisateurs.<\/span><\/p>\n<h2 class=\"c2\"><span class=\"c4\">Utilisation de vos Donn\u00e9es Personnelles<\/span><\/h2>\n<p class=\"c2\"><span class=\"c0\">L&#8217;Entreprise peut utiliser les donn\u00e9es personnelles pour :<\/span><\/p>\n<p class=\"c2\"><span class=\"c0\">&#8211; Fournir et maintenir notre Service, y compris pour surveiller son utilisation<\/span><\/p>\n<p class=\"c2\"><span class=\"c0\">&#8211; G\u00e9rer votre compte et l\u2019inscription de vos informations<\/span><\/p>\n<p class=\"c2\"><span class=\"c0\">&#8211; Ex\u00e9cuter un contrat pour des produits, services ou tout autre engagement convenu<\/span><\/p>\n<p class=\"c2\"><span class=\"c0\">&#8211; Vous contacter, vous informer des actualit\u00e9s et offres sp\u00e9ciales<\/span><\/p>\n<p class=\"c2\"><span class=\"c0\">&#8211; R\u00e9pondre et g\u00e9rer vos demandes<\/span><\/p>\n<p class=\"c2\"><span class=\"c0\">&#8211; Transf\u00e9rer les donn\u00e9es dans le cadre de transactions commerciales, sous votre consentement<\/span><\/p>\n<h2 class=\"c2\"><span class=\"c4\">Retrait et Suppression de vos Donn\u00e9es Personnelles &nbsp;<\/span><\/h2>\n<p class=\"c2\"><span class=\"c0\">Vous avez le droit de supprimer ou de demander de supprimer les donn\u00e9es personnelles collect\u00e9es sur vous, sous r\u00e9serve des obligations l\u00e9gales en vigueur.<\/span><\/p>\n<p class=\"c2\"><span class=\"c4\">S\u00e9curit\u00e9 de vos Donn\u00e9es<\/span><\/p>\n<p class=\"c2\"><span class=\"c0\">Bien que nous mettions en \u0153uvre des moyens commerciaux acceptables pour prot\u00e9ger vos donn\u00e9es, aucune m\u00e9thode de transmission sur Internet ou de stockage \u00e9lectronique n&#8217;est s\u00e9curis\u00e9e \u00e0 100 %. Nous ne pouvons garantir la s\u00e9curit\u00e9 absolue de vos donn\u00e9es.<\/span><\/p>\n<h2>Contactez-nous<\/h2>\n<p>Si vous avez des questions sur cette politique de confidentialit\u00e9, vous pouvez nous contacter:<\/p>\n<ul>\n<li>Par e-mail: Vincent Melanson &#8211; vmelanson@beginurns.com<\/li>\n<li>Via notre page web: <a href=\"https:\/\/urnesbegin.com\/?page_id=29251\" target=\"_blank\" rel=\"external nofollow noopener\">https:\/\/urnesbegin.com\/?page_id=29251<\/a><\/li>\n<li>Par t\u00e9l\u00e9phone : +1 418 835-0512<\/li>\n<\/ul>\n[\/vc_column_text][\/vc_column][vc_column column_padding=&#8221;no-extra-padding&#8221; column_padding_position=&#8221;all&#8221; background_color_opacity=&#8221;1&#8243; background_hover_color_opacity=&#8221;1&#8243; width=&#8221;1\/6&#8243; tablet_text_alignment=&#8221;default&#8221; phone_text_alignment=&#8221;default&#8221;][vc_column_text]\n<p>&nbsp;<\/p>\n[\/vc_column_text][\/vc_column][\/vc_row][vc_row type=&#8221;in_container&#8221; full_screen_row_position=&#8221;middle&#8221; scene_position=&#8221;center&#8221; text_color=&#8221;dark&#8221; text_align=&#8221;left&#8221; overlay_strength=&#8221;0.3&#8243;][vc_column column_padding=&#8221;no-extra-padding&#8221; column_padding_position=&#8221;all&#8221; background_color_opacity=&#8221;1&#8243; background_hover_color_opacity=&#8221;1&#8243; bottom_margin=&#8221;250&#8243; width=&#8221;1\/1&#8243; tablet_text_alignment=&#8221;default&#8221; phone_text_alignment=&#8221;default&#8221;][vc_column_text][\/vc_column_text][\/vc_column][\/vc_row]\n","protected":false},"excerpt":{"rendered":"<p>[vc_row type=&#8221;in_container&#8221; full_screen_row_position=&#8221;middle&#8221; scene_position=&#8221;center&#8221; text_color=&#8221;dark&#8221; text_align=&#8221;left&#8221; disable_element=&#8221;yes&#8221; overlay_strength=&#8221;0.3&#8243;][vc_column column_padding=&#8221;no-extra-padding&#8221; column_padding_position=&#8221;all&#8221; background_color_opacity=&#8221;1&#8243; background_hover_color_opacity=&#8221;1&#8243; width=&#8221;1\/1&#8243; tablet_text_alignment=&#8221;default&#8221; phone_text_alignment=&#8221;default&#8221;][\/vc_column][\/vc_row][vc_row type=&#8221;full_width_background&#8221; full_screen_row_position=&#8221;middle&#8221; scene_position=&#8221;center&#8221; text_color=&#8221;dark&#8221; text_align=&#8221;left&#8221; top_padding=&#8221;0&#8243; class=&#8221;nomarginTB&#8221; overlay_strength=&#8221;0.3&#8243;][vc_column column_padding=&#8221;no-extra-padding&#8221; column_padding_position=&#8221;all&#8221; background_color_opacity=&#8221;1&#8243; background_hover_color_opacity=&#8221;1&#8243; width=&#8221;1\/6&#8243; tablet_text_alignment=&#8221;default&#8221; phone_text_alignment=&#8221;default&#8221;][vc_column_text]&#8230;<\/p>\n","protected":false},"author":11705,"featured_media":0,"parent":0,"menu_order":0,"comment_status":"closed","ping_status":"closed","template":"","meta":{"_acf_changed":false,"footnotes":""},"class_list":["post-54927","page","type-page","status-publish","hentry"],"acf":[],"_links":{"self":[{"href":"https:\/\/urnesbegin.com\/index.php?rest_route=\/wp\/v2\/pages\/54927","targetHints":{"allow":["GET"]}}],"collection":[{"href":"https:\/\/urnesbegin.com\/index.php?rest_route=\/wp\/v2\/pages"}],"about":[{"href":"https:\/\/urnesbegin.com\/index.php?rest_route=\/wp\/v2\/types\/page"}],"author":[{"embeddable":true,"href":"https:\/\/urnesbegin.com\/index.php?rest_route=\/wp\/v2\/users\/11705"}],"replies":[{"embeddable":true,"href":"https:\/\/urnesbegin.com\/index.php?rest_route=%2Fwp%2Fv2%2Fcomments&post=54927"}],"version-history":[{"count":4,"href":"https:\/\/urnesbegin.com\/index.php?rest_route=\/wp\/v2\/pages\/54927\/revisions"}],"predecessor-version":[{"id":54931,"href":"https:\/\/urnesbegin.com\/index.php?rest_route=\/wp\/v2\/pages\/54927\/revisions\/54931"}],"wp:attachment":[{"href":"https:\/\/urnesbegin.com\/index.php?rest_route=%2Fwp%2Fv2%2Fmedia&parent=54927"}],"curies":[{"name":"wp","href":"https:\/\/api.w.org\/{rel}","templated":true}]}}