{"id":54549,"date":"2024-07-30T12:06:55","date_gmt":"2024-07-30T16:06:55","guid":{"rendered":"https:\/\/urnesbegin.com\/1718995034894\/?page_id=54549"},"modified":"2024-08-14T15:04:32","modified_gmt":"2024-08-14T19:04:32","slug":"careers-en-2","status":"publish","type":"page","link":"https:\/\/urnesbegin.com\/?page_id=54549&lang=fr","title":{"rendered":"Careers-FR"},"content":{"rendered":"[vc_row type=&#8221;in_container&#8221; full_screen_row_position=&#8221;middle&#8221; scene_position=&#8221;center&#8221; text_color=&#8221;dark&#8221; text_align=&#8221;left&#8221; overlay_strength=&#8221;0.3&#8243;][vc_column column_padding=&#8221;no-extra-padding&#8221; column_padding_position=&#8221;all&#8221; background_color_opacity=&#8221;1&#8243; background_hover_color_opacity=&#8221;1&#8243; width=&#8221;1\/1&#8243; tablet_text_alignment=&#8221;default&#8221; phone_text_alignment=&#8221;default&#8221;]<div class=\"img-with-aniamtion-wrap center\" data-max-width=\"100%\"><div class=\"inner\"><img loading=\"lazy\" decoding=\"async\" data-shadow=\"none\" data-shadow-direction=\"middle\" class=\"img-with-animation \" data-delay=\"0\" height=\"500\" width=\"1200\" data-animation=\"fade-in\" src=\"https:\/\/urnesbegin.com\/wp-content\/uploads\/2024\/07\/ban_begin_web_2024_career_01.jpg\" alt=\"\" \/><\/div><\/div>[\/vc_column][\/vc_row][vc_row type=&#8221;in_container&#8221; full_screen_row_position=&#8221;middle&#8221; equal_height=&#8221;yes&#8221; scene_position=&#8221;center&#8221; text_color=&#8221;dark&#8221; text_align=&#8221;left&#8221; top_padding=&#8221;0&#8243; bottom_padding=&#8221;0&#8243; class=&#8221;nomarginTB&#8221; disable_element=&#8221;yes&#8221; overlay_strength=&#8221;0.3&#8243;][vc_column column_padding=&#8221;no-extra-padding&#8221; column_padding_position=&#8221;all&#8221; background_color_opacity=&#8221;1&#8243; background_hover_color_opacity=&#8221;1&#8243; top_margin=&#8221;0&#8243; bottom_margin=&#8221;0&#8243; width=&#8221;1\/1&#8243; tablet_text_alignment=&#8221;default&#8221; phone_text_alignment=&#8221;default&#8221;][carousel script=&#8221;owl_carousel&#8221; desktop_cols=&#8221;3&#8243; desktop_small_cols=&#8221;3&#8243; tablet_cols=&#8221;3&#8243; mobile_cols=&#8221;2&#8243; column_padding=&#8221;15px&#8221; autorotate=&#8221;true&#8221;][item id=&#8221;1721059042-1-43&#8243; tab_id=&#8221;1721059099964-10&#8243; title=&#8221;Item&#8221;]<div class=\"img-with-aniamtion-wrap \" data-max-width=\"100%\"><div class=\"inner\"><img loading=\"lazy\" decoding=\"async\" data-shadow=\"none\" data-shadow-direction=\"middle\" class=\"img-with-animation \" data-delay=\"0\" height=\"1000\" width=\"750\" data-animation=\"fade-in\" src=\"https:\/\/urnesbegin.com\/wp-content\/uploads\/2024\/07\/1006.png\" alt=\"\" \/><\/div><\/div>[\/item][item id=&#8221;1721059042-2-57&#8243; tab_id=&#8221;1721059100020-4&#8243; title=&#8221;Item&#8221;]<div class=\"img-with-aniamtion-wrap \" data-max-width=\"100%\"><div class=\"inner\"><img loading=\"lazy\" decoding=\"async\" data-shadow=\"none\" data-shadow-direction=\"middle\" class=\"img-with-animation \" data-delay=\"0\" height=\"1000\" width=\"750\" data-animation=\"fade-in\" src=\"https:\/\/urnesbegin.com\/wp-content\/uploads\/2024\/07\/1002.jpeg\" alt=\"\" \/><\/div><\/div>[\/item][item id=&#8221;1721059042-3-19&#8243; tab_id=&#8221;1721059100072-0&#8243; title=&#8221;Item&#8221;]<div class=\"img-with-aniamtion-wrap \" data-max-width=\"100%\"><div class=\"inner\"><img loading=\"lazy\" decoding=\"async\" data-shadow=\"none\" data-shadow-direction=\"middle\" class=\"img-with-animation \" data-delay=\"0\" height=\"1000\" width=\"750\" data-animation=\"fade-in\" src=\"https:\/\/urnesbegin.com\/wp-content\/uploads\/2024\/07\/1004.jpeg\" alt=\"\" \/><\/div><\/div>[\/item][\/carousel][\/vc_column][\/vc_row][vc_row type=&#8221;in_container&#8221; full_screen_row_position=&#8221;middle&#8221; equal_height=&#8221;yes&#8221; scene_position=&#8221;center&#8221; text_color=&#8221;dark&#8221; text_align=&#8221;left&#8221; top_padding=&#8221;24&#8243; disable_element=&#8221;yes&#8221; overlay_strength=&#8221;0.3&#8243;][vc_column column_padding=&#8221;no-extra-padding&#8221; column_padding_position=&#8221;all&#8221; background_color_opacity=&#8221;1&#8243; background_hover_color_opacity=&#8221;1&#8243; width=&#8221;1\/1&#8243; tablet_text_alignment=&#8221;default&#8221; phone_text_alignment=&#8221;default&#8221;][vc_gallery type=&#8221;flexslider_style&#8221; images=&#8221;54175,54171,54173&#8243; onclick=&#8221;link_no&#8221; img_size=&#8221;750&#215;1000&#8243;][\/vc_column][\/vc_row][vc_row type=&#8221;full_width_background&#8221; full_screen_row_position=&#8221;middle&#8221; scene_position=&#8221;center&#8221; text_color=&#8221;dark&#8221; text_align=&#8221;center&#8221; top_padding=&#8221;0&#8243; bottom_padding=&#8221;50&#8243; class=&#8221;nomarginTB&#8221; overlay_strength=&#8221;0.3&#8243;][vc_column column_padding=&#8221;no-extra-padding&#8221; column_padding_position=&#8221;all&#8221; background_color_opacity=&#8221;1&#8243; background_hover_color_opacity=&#8221;1&#8243; width=&#8221;1\/6&#8243; tablet_text_alignment=&#8221;default&#8221; phone_text_alignment=&#8221;default&#8221;][vc_column_text]\n<p>&nbsp;<\/p>\n[\/vc_column_text][\/vc_column][vc_column column_padding=&#8221;no-extra-padding&#8221; column_padding_position=&#8221;all&#8221; background_color_opacity=&#8221;0.5&#8243; background_hover_color_opacity=&#8221;1&#8243; bottom_margin=&#8221;250&#8243; width=&#8221;2\/3&#8243; tablet_text_alignment=&#8221;default&#8221; phone_text_alignment=&#8221;default&#8221;][vc_column_text css=&#8221;.vc_custom_1722355752431{padding-top: 40px !important;}&#8221;]\n<h1 id=\"careers\" style=\"text-align: center;\">Rejoins notre \u00e9quipe<\/h1>\n[\/vc_column_text][vc_column_text css=&#8221;.vc_custom_1723662267393{padding-top: 20px !important;padding-right: 50px !important;padding-bottom: 50px !important;padding-left: 50px !important;}&#8221;]Vous cherchez une carri\u00e8re enrichissante dans une entreprise qui valorise ses employ\u00e9s ? Les Urnes B\u00e9gin, une entreprise familiale depuis 1991, vous invite \u00e0 postuler. Nos employ\u00e9s loyaux prosp\u00e8rent dans un environnement convivial qui favorise l\u2019autonomie et la croissance. Nous offrons une r\u00e9mun\u00e9ration comp\u00e9titive et la possibilit\u00e9 de rejoindre une \u00e9quipe soud\u00e9e, d\u00e9di\u00e9e \u00e0 l\u2019excellence. Venez nous aider \u00e0 poursuivre notre h\u00e9ritage de qualit\u00e9 et d\u2019innovation. Postulez d\u00e8s aujourd\u2019hui en envoyant votre candidature \u00e0&nbsp;<a href=\"mailto:rh@urnesbegin.com\"><u>rh@urnesbegin.com<\/u><\/a>.[\/vc_column_text][\/vc_column][vc_column column_padding=&#8221;no-extra-padding&#8221; column_padding_position=&#8221;all&#8221; background_color_opacity=&#8221;1&#8243; background_hover_color_opacity=&#8221;1&#8243; width=&#8221;1\/6&#8243; tablet_text_alignment=&#8221;default&#8221; phone_text_alignment=&#8221;default&#8221;][vc_column_text]\n<p>&nbsp;<\/p>\n[\/vc_column_text][\/vc_column][\/vc_row]\n","protected":false},"excerpt":{"rendered":"<p>[vc_row type=&#8221;in_container&#8221; full_screen_row_position=&#8221;middle&#8221; scene_position=&#8221;center&#8221; text_color=&#8221;dark&#8221; text_align=&#8221;left&#8221; overlay_strength=&#8221;0.3&#8243;][vc_column column_padding=&#8221;no-extra-padding&#8221; column_padding_position=&#8221;all&#8221; background_color_opacity=&#8221;1&#8243; background_hover_color_opacity=&#8221;1&#8243; width=&#8221;1\/1&#8243; tablet_text_alignment=&#8221;default&#8221; phone_text_alignment=&#8221;default&#8221;][\/vc_column][\/vc_row][vc_row type=&#8221;in_container&#8221; full_screen_row_position=&#8221;middle&#8221; equal_height=&#8221;yes&#8221; scene_position=&#8221;center&#8221; text_color=&#8221;dark&#8221; text_align=&#8221;left&#8221; top_padding=&#8221;0&#8243; bottom_padding=&#8221;0&#8243; class=&#8221;nomarginTB&#8221; disable_element=&#8221;yes&#8221; overlay_strength=&#8221;0.3&#8243;][vc_column column_padding=&#8221;no-extra-padding&#8221; column_padding_position=&#8221;all&#8221; background_color_opacity=&#8221;1&#8243; background_hover_color_opacity=&#8221;1&#8243; top_margin=&#8221;0&#8243;&#8230;<\/p>\n","protected":false},"author":11705,"featured_media":0,"parent":0,"menu_order":0,"comment_status":"closed","ping_status":"closed","template":"","meta":{"_acf_changed":false,"footnotes":""},"class_list":["post-54549","page","type-page","status-publish","hentry"],"acf":[],"_links":{"self":[{"href":"https:\/\/urnesbegin.com\/index.php?rest_route=\/wp\/v2\/pages\/54549","targetHints":{"allow":["GET"]}}],"collection":[{"href":"https:\/\/urnesbegin.com\/index.php?rest_route=\/wp\/v2\/pages"}],"about":[{"href":"https:\/\/urnesbegin.com\/index.php?rest_route=\/wp\/v2\/types\/page"}],"author":[{"embeddable":true,"href":"https:\/\/urnesbegin.com\/index.php?rest_route=\/wp\/v2\/users\/11705"}],"replies":[{"embeddable":true,"href":"https:\/\/urnesbegin.com\/index.php?rest_route=%2Fwp%2Fv2%2Fcomments&post=54549"}],"version-history":[{"count":3,"href":"https:\/\/urnesbegin.com\/index.php?rest_route=\/wp\/v2\/pages\/54549\/revisions"}],"predecessor-version":[{"id":54603,"href":"https:\/\/urnesbegin.com\/index.php?rest_route=\/wp\/v2\/pages\/54549\/revisions\/54603"}],"wp:attachment":[{"href":"https:\/\/urnesbegin.com\/index.php?rest_route=%2Fwp%2Fv2%2Fmedia&parent=54549"}],"curies":[{"name":"wp","href":"https:\/\/api.w.org\/{rel}","templated":true}]}}