{"id":54520,"date":"2024-07-22T15:45:33","date_gmt":"2024-07-22T19:45:33","guid":{"rendered":"https:\/\/urnesbegin.com\/1718995034894\/?page_id=54520"},"modified":"2024-08-15T11:14:27","modified_gmt":"2024-08-15T15:14:27","slug":"resources-en-2","status":"publish","type":"page","link":"https:\/\/urnesbegin.com\/?page_id=54520&lang=fr","title":{"rendered":"Resources-FR"},"content":{"rendered":"[vc_row type=&#8221;full_width_content&#8221; full_screen_row_position=&#8221;middle&#8221; scene_position=&#8221;center&#8221; text_color=&#8221;dark&#8221; text_align=&#8221;left&#8221; top_padding=&#8221;0&#8243; bottom_padding=&#8221;32&#8243; overlay_strength=&#8221;0.3&#8243;][vc_column column_padding=&#8221;no-extra-padding&#8221; column_padding_position=&#8221;all&#8221; background_color_opacity=&#8221;1&#8243; background_hover_color_opacity=&#8221;1&#8243; width=&#8221;1\/1&#8243; tablet_text_alignment=&#8221;default&#8221; phone_text_alignment=&#8221;default&#8221;]<div class=\"img-with-aniamtion-wrap center\" data-max-width=\"100%\"><div class=\"inner\"><img loading=\"lazy\" decoding=\"async\" data-shadow=\"none\" data-shadow-direction=\"middle\" class=\"img-with-animation \" data-delay=\"0\" height=\"500\" width=\"1200\" data-animation=\"fade-in\" src=\"https:\/\/urnesbegin.com\/wp-content\/uploads\/2024\/08\/ban_begin_web_2024_01_FR.jpg\" alt=\"\" \/><\/div><\/div>[\/vc_column][\/vc_row][vc_row type=&#8221;full_width_content&#8221; full_screen_row_position=&#8221;middle&#8221; bg_color=&#8221;#efefed&#8221; scene_position=&#8221;center&#8221; text_color=&#8221;dark&#8221; text_align=&#8221;center&#8221; top_padding=&#8221;36&#8243; bottom_padding=&#8221;20&#8243; overlay_strength=&#8221;0.3&#8243;][vc_column column_padding=&#8221;no-extra-padding&#8221; column_padding_position=&#8221;all&#8221; background_color_opacity=&#8221;1&#8243; background_hover_color_opacity=&#8221;1&#8243; width=&#8221;1\/1&#8243; tablet_text_alignment=&#8221;default&#8221; phone_text_alignment=&#8221;default&#8221;][vc_column_text]\n<h1 class=\"collectionTitle\" style=\"text-align: center;\">DOCUMENTATION<\/h1>\n<p><!--\n\n\n<p class=\"collectionSubTitle\" style=\"text-align: center;\"><span data-mce-type=\"bookmark\" style=\"display: inline-block; width: 0px; overflow: hidden; line-height: 0;\" class=\"mce_SELRES_start\"><\/span>SERVICE<\/p>\n\n\n-->[\/vc_column_text][\/vc_column][\/vc_row][vc_row type=&#8221;full_width_background&#8221; full_screen_row_position=&#8221;middle&#8221; scene_position=&#8221;center&#8221; text_color=&#8221;dark&#8221; text_align=&#8221;center&#8221; top_padding=&#8221;32&#8243; bottom_padding=&#8221;250&#8243; class=&#8221;justifyPara&#8221; overlay_strength=&#8221;0.3&#8243;][vc_column column_padding=&#8221;no-extra-padding&#8221; column_padding_position=&#8221;all&#8221; background_color_opacity=&#8221;1&#8243; background_hover_color_opacity=&#8221;1&#8243; width=&#8221;1\/6&#8243; tablet_text_alignment=&#8221;default&#8221; phone_text_alignment=&#8221;default&#8221;][\/vc_column][vc_column column_padding=&#8221;no-extra-padding&#8221; column_padding_position=&#8221;all&#8221; background_color=&#8221;#ffffff&#8221; background_color_opacity=&#8221;0.5&#8243; background_hover_color_opacity=&#8221;1&#8243; width=&#8221;2\/3&#8243; tablet_text_alignment=&#8221;default&#8221; phone_text_alignment=&#8221;default&#8221;][vc_column_text css=&#8221;.vc_custom_1723734860800{padding-top: 20px !important;padding-right: 50px !important;padding-bottom: 50px !important;padding-left: 50px !important;}&#8221;]Cette section vous permet de t\u00e9l\u00e9charger du mat\u00e9riel tel que des photos, brochures, d\u00e9pliants etc. Vous devez \u00eatre enregistr\u00e9 avec un compte Urnes B\u00e9gin pour y avoir acc\u00e8s.<\/p>\n<p style=\"text-align: center;\"><a class=\"nectar-button small undefined\"  href=\"https:\/\/urnes-begin.myshopify.com\/pages\/resources\" data-color-override=\"#444340\" data-hover-color-override=\"false\" data-hover-text-color-override=\"undefined\"><span>ACC\u00c9DER \u00c0 LA DOCUMENTATION<\/span><\/a>\n[\/vc_column_text][\/vc_column][vc_column column_padding=&#8221;no-extra-padding&#8221; column_padding_position=&#8221;all&#8221; background_color_opacity=&#8221;1&#8243; background_hover_color_opacity=&#8221;1&#8243; width=&#8221;1\/6&#8243; tablet_text_alignment=&#8221;default&#8221; phone_text_alignment=&#8221;default&#8221;][\/vc_column][\/vc_row]\n","protected":false},"excerpt":{"rendered":"<p>[vc_row type=&#8221;full_width_content&#8221; full_screen_row_position=&#8221;middle&#8221; scene_position=&#8221;center&#8221; text_color=&#8221;dark&#8221; text_align=&#8221;left&#8221; top_padding=&#8221;0&#8243; bottom_padding=&#8221;32&#8243; overlay_strength=&#8221;0.3&#8243;][vc_column column_padding=&#8221;no-extra-padding&#8221; column_padding_position=&#8221;all&#8221; background_color_opacity=&#8221;1&#8243; background_hover_color_opacity=&#8221;1&#8243; width=&#8221;1\/1&#8243; tablet_text_alignment=&#8221;default&#8221; phone_text_alignment=&#8221;default&#8221;][\/vc_column][\/vc_row][vc_row type=&#8221;full_width_content&#8221; full_screen_row_position=&#8221;middle&#8221; bg_color=&#8221;#efefed&#8221; scene_position=&#8221;center&#8221; text_color=&#8221;dark&#8221; text_align=&#8221;center&#8221; top_padding=&#8221;36&#8243; bottom_padding=&#8221;20&#8243; overlay_strength=&#8221;0.3&#8243;][vc_column column_padding=&#8221;no-extra-padding&#8221; column_padding_position=&#8221;all&#8221; background_color_opacity=&#8221;1&#8243; background_hover_color_opacity=&#8221;1&#8243; width=&#8221;1\/1&#8243;&#8230;<\/p>\n","protected":false},"author":11705,"featured_media":0,"parent":0,"menu_order":0,"comment_status":"closed","ping_status":"closed","template":"","meta":{"_acf_changed":false,"footnotes":""},"class_list":["post-54520","page","type-page","status-publish","hentry"],"acf":[],"_links":{"self":[{"href":"https:\/\/urnesbegin.com\/index.php?rest_route=\/wp\/v2\/pages\/54520","targetHints":{"allow":["GET"]}}],"collection":[{"href":"https:\/\/urnesbegin.com\/index.php?rest_route=\/wp\/v2\/pages"}],"about":[{"href":"https:\/\/urnesbegin.com\/index.php?rest_route=\/wp\/v2\/types\/page"}],"author":[{"embeddable":true,"href":"https:\/\/urnesbegin.com\/index.php?rest_route=\/wp\/v2\/users\/11705"}],"replies":[{"embeddable":true,"href":"https:\/\/urnesbegin.com\/index.php?rest_route=%2Fwp%2Fv2%2Fcomments&post=54520"}],"version-history":[{"count":7,"href":"https:\/\/urnesbegin.com\/index.php?rest_route=\/wp\/v2\/pages\/54520\/revisions"}],"predecessor-version":[{"id":54659,"href":"https:\/\/urnesbegin.com\/index.php?rest_route=\/wp\/v2\/pages\/54520\/revisions\/54659"}],"wp:attachment":[{"href":"https:\/\/urnesbegin.com\/index.php?rest_route=%2Fwp%2Fv2%2Fmedia&parent=54520"}],"curies":[{"name":"wp","href":"https:\/\/api.w.org\/{rel}","templated":true}]}}