{"id":54516,"date":"2024-07-22T15:35:16","date_gmt":"2024-07-22T19:35:16","guid":{"rendered":"https:\/\/urnesbegin.com\/1718995034894\/?page_id=54516"},"modified":"2024-08-14T16:59:06","modified_gmt":"2024-08-14T20:59:06","slug":"engraving-en-2","status":"publish","type":"page","link":"https:\/\/urnesbegin.com\/?page_id=54516&lang=fr","title":{"rendered":"Engraving-FR"},"content":{"rendered":"[vc_row type=&#8221;full_width_content&#8221; full_screen_row_position=&#8221;middle&#8221; scene_position=&#8221;center&#8221; text_color=&#8221;dark&#8221; text_align=&#8221;left&#8221; top_padding=&#8221;0&#8243; bottom_padding=&#8221;32&#8243; overlay_strength=&#8221;0.3&#8243;][vc_column column_padding=&#8221;no-extra-padding&#8221; column_padding_position=&#8221;all&#8221; background_color_opacity=&#8221;1&#8243; background_hover_color_opacity=&#8221;1&#8243; width=&#8221;1\/1&#8243; tablet_text_alignment=&#8221;default&#8221; phone_text_alignment=&#8221;default&#8221;]<div class=\"img-with-aniamtion-wrap center\" data-max-width=\"100%\"><div class=\"inner\"><img loading=\"lazy\" decoding=\"async\" data-shadow=\"none\" data-shadow-direction=\"middle\" class=\"img-with-animation \" data-delay=\"0\" height=\"500\" width=\"1200\" data-animation=\"fade-in\" src=\"https:\/\/urnesbegin.com\/wp-content\/uploads\/2024\/07\/ban_begin_web_2024_engraving_01.jpg\" alt=\"\" \/><\/div><\/div>[\/vc_column][\/vc_row][vc_row type=&#8221;full_width_content&#8221; full_screen_row_position=&#8221;middle&#8221; bg_color=&#8221;#efefed&#8221; scene_position=&#8221;center&#8221; text_color=&#8221;dark&#8221; text_align=&#8221;center&#8221; top_padding=&#8221;25&#8243; bottom_padding=&#8221;25&#8243; class=&#8221;paddingTB32&#8243; overlay_strength=&#8221;0.3&#8243;][vc_column centered_text=&#8221;true&#8221; column_padding=&#8221;no-extra-padding&#8221; column_padding_position=&#8221;all&#8221; background_color_opacity=&#8221;1&#8243; background_hover_color_opacity=&#8221;1&#8243; width=&#8221;1\/1&#8243; tablet_text_alignment=&#8221;default&#8221; phone_text_alignment=&#8221;default&#8221;][vc_column_text]\n<p class=\"collectionSubTitleFR\" style=\"text-align: center;\">SERVICE<\/p>\n<h1 class=\"collectionTitleFR\" style=\"text-align: center;\">de Gravure<\/h1>\n[\/vc_column_text][\/vc_column][\/vc_row][vc_row type=&#8221;full_width_background&#8221; full_screen_row_position=&#8221;middle&#8221; scene_position=&#8221;center&#8221; text_color=&#8221;dark&#8221; text_align=&#8221;center&#8221; top_padding=&#8221;32&#8243; bottom_padding=&#8221;250&#8243; overlay_strength=&#8221;0.3&#8243;][vc_column column_padding=&#8221;no-extra-padding&#8221; column_padding_position=&#8221;all&#8221; background_color_opacity=&#8221;1&#8243; background_hover_color_opacity=&#8221;1&#8243; width=&#8221;1\/6&#8243; tablet_text_alignment=&#8221;default&#8221; phone_text_alignment=&#8221;default&#8221;][\/vc_column][vc_column column_padding=&#8221;no-extra-padding&#8221; column_padding_position=&#8221;all&#8221; background_color_opacity=&#8221;1&#8243; background_hover_color_opacity=&#8221;1&#8243; width=&#8221;2\/3&#8243; tablet_text_alignment=&#8221;default&#8221; phone_text_alignment=&#8221;default&#8221;][vc_column_text css=&#8221;.vc_custom_1721677004145{padding-top: 20px !important;padding-right: 50px !important;padding-bottom: 50px !important;padding-left: 50px !important;}&#8221;]<span style=\"font-weight: 400;\">Les Urnes B\u00e9gin offrent un service de gravure professionnel afin personnaliser chaque urne et cr\u00e9er un hommage significatif. En utilisant des graveurs CNC avanc\u00e9s, nous obtenons une belle profondeur et une pr\u00e9cision magnifique dans chaque gravure. Notre service vous permet d&#8217;ajouter le nom du d\u00e9funt, les dates et du texte suppl\u00e9mentaire, selon la taille de la zone de gravure de l&#8217;urne s\u00e9lectionn\u00e9e.<\/span><\/p>\n<p><span style=\"font-weight: 400;\">Pour garantir votre satisfaction, nous fournissons une \u00e9preuve pour approbation avec chaque commande incluant une gravure. Notre gestion d\u2019inventaire et nos processus efficaces permettent aux urnes personnalis\u00e9es par une gravure d\u2019\u00eatre exp\u00e9di\u00e9es le jour m\u00eame ou le jour ouvrable suivant. Faites confiance \u00e0 notre service de gravure pour ajouter une touche personnelle \u00e0 votre urne, refl\u00e9tant ainsi l&#8217;h\u00e9ritage unique de votre \u00eatre cher.<\/span>[\/vc_column_text]<div class=\"img-with-aniamtion-wrap center\" data-max-width=\"100%\"><div class=\"inner\"><img loading=\"lazy\" decoding=\"async\" data-shadow=\"none\" data-shadow-direction=\"middle\" class=\"img-with-animation \" data-delay=\"0\" height=\"1500\" width=\"1233\" data-animation=\"fade-in\" src=\"https:\/\/urnesbegin.com\/wp-content\/uploads\/2024\/08\/Font_engraving_begin-2-1.jpg\" alt=\"\" \/><\/div><\/div>[\/vc_column][vc_column column_padding=&#8221;no-extra-padding&#8221; column_padding_position=&#8221;all&#8221; background_color_opacity=&#8221;1&#8243; background_hover_color_opacity=&#8221;1&#8243; width=&#8221;1\/6&#8243; tablet_text_alignment=&#8221;default&#8221; phone_text_alignment=&#8221;default&#8221;][\/vc_column][\/vc_row]\n","protected":false},"excerpt":{"rendered":"<p>[vc_row type=&#8221;full_width_content&#8221; full_screen_row_position=&#8221;middle&#8221; scene_position=&#8221;center&#8221; text_color=&#8221;dark&#8221; text_align=&#8221;left&#8221; top_padding=&#8221;0&#8243; bottom_padding=&#8221;32&#8243; overlay_strength=&#8221;0.3&#8243;][vc_column column_padding=&#8221;no-extra-padding&#8221; column_padding_position=&#8221;all&#8221; background_color_opacity=&#8221;1&#8243; background_hover_color_opacity=&#8221;1&#8243; width=&#8221;1\/1&#8243; tablet_text_alignment=&#8221;default&#8221; phone_text_alignment=&#8221;default&#8221;][\/vc_column][\/vc_row][vc_row type=&#8221;full_width_content&#8221; full_screen_row_position=&#8221;middle&#8221; bg_color=&#8221;#efefed&#8221; scene_position=&#8221;center&#8221; text_color=&#8221;dark&#8221; text_align=&#8221;center&#8221; top_padding=&#8221;25&#8243; bottom_padding=&#8221;25&#8243; class=&#8221;paddingTB32&#8243; overlay_strength=&#8221;0.3&#8243;][vc_column centered_text=&#8221;true&#8221; column_padding=&#8221;no-extra-padding&#8221; column_padding_position=&#8221;all&#8221; background_color_opacity=&#8221;1&#8243;&#8230;<\/p>\n","protected":false},"author":11705,"featured_media":0,"parent":0,"menu_order":0,"comment_status":"closed","ping_status":"closed","template":"","meta":{"_acf_changed":false,"footnotes":""},"class_list":["post-54516","page","type-page","status-publish","hentry"],"acf":[],"_links":{"self":[{"href":"https:\/\/urnesbegin.com\/index.php?rest_route=\/wp\/v2\/pages\/54516","targetHints":{"allow":["GET"]}}],"collection":[{"href":"https:\/\/urnesbegin.com\/index.php?rest_route=\/wp\/v2\/pages"}],"about":[{"href":"https:\/\/urnesbegin.com\/index.php?rest_route=\/wp\/v2\/types\/page"}],"author":[{"embeddable":true,"href":"https:\/\/urnesbegin.com\/index.php?rest_route=\/wp\/v2\/users\/11705"}],"replies":[{"embeddable":true,"href":"https:\/\/urnesbegin.com\/index.php?rest_route=%2Fwp%2Fv2%2Fcomments&post=54516"}],"version-history":[{"count":4,"href":"https:\/\/urnesbegin.com\/index.php?rest_route=\/wp\/v2\/pages\/54516\/revisions"}],"predecessor-version":[{"id":54626,"href":"https:\/\/urnesbegin.com\/index.php?rest_route=\/wp\/v2\/pages\/54516\/revisions\/54626"}],"wp:attachment":[{"href":"https:\/\/urnesbegin.com\/index.php?rest_route=%2Fwp%2Fv2%2Fmedia&parent=54516"}],"curies":[{"name":"wp","href":"https:\/\/api.w.org\/{rel}","templated":true}]}}