{"id":54491,"date":"2024-07-22T13:51:14","date_gmt":"2024-07-22T17:51:14","guid":{"rendered":"https:\/\/urnesbegin.com\/1718995034894\/?page_id=54491"},"modified":"2024-08-14T16:54:12","modified_gmt":"2024-08-14T20:54:12","slug":"about-en-2","status":"publish","type":"page","link":"https:\/\/urnesbegin.com\/?page_id=54491&lang=fr","title":{"rendered":"About-FR"},"content":{"rendered":"[vc_row type=&#8221;full_width_content&#8221; full_screen_row_position=&#8221;middle&#8221; scene_position=&#8221;center&#8221; text_color=&#8221;dark&#8221; text_align=&#8221;left&#8221; top_padding=&#8221;60&#8243; overlay_strength=&#8221;0.3&#8243;][vc_column column_padding=&#8221;no-extra-padding&#8221; column_padding_position=&#8221;all&#8221; background_color_opacity=&#8221;1&#8243; background_hover_color_opacity=&#8221;1&#8243; width=&#8221;1\/1&#8243; tablet_text_alignment=&#8221;default&#8221; phone_text_alignment=&#8221;default&#8221;]<div class=\"img-with-aniamtion-wrap center\" data-max-width=\"100%\"><div class=\"inner\"><img loading=\"lazy\" decoding=\"async\" data-shadow=\"none\" data-shadow-direction=\"middle\" class=\"img-with-animation \" data-delay=\"0\" height=\"500\" width=\"1200\" data-animation=\"fade-in\" src=\"https:\/\/urnesbegin.com\/wp-content\/uploads\/2024\/07\/ban_begin_web_2024_about_us_01.jpg\" alt=\"\" \/><\/div><\/div>[\/vc_column][\/vc_row][vc_row type=&#8221;full_width_background&#8221; full_screen_row_position=&#8221;middle&#8221; scene_position=&#8221;center&#8221; text_color=&#8221;dark&#8221; text_align=&#8221;center&#8221; top_padding=&#8221;0&#8243; bottom_padding=&#8221;0&#8243; overlay_strength=&#8221;0.3&#8243;][vc_column column_padding=&#8221;no-extra-padding&#8221; column_padding_position=&#8221;all&#8221; background_color_opacity=&#8221;1&#8243; background_hover_color_opacity=&#8221;1&#8243; width=&#8221;1\/6&#8243; tablet_text_alignment=&#8221;default&#8221; phone_text_alignment=&#8221;default&#8221;][vc_column_text][\/vc_column_text][\/vc_column][vc_column centered_text=&#8221;true&#8221; column_padding=&#8221;no-extra-padding&#8221; column_padding_position=&#8221;all&#8221; background_color_opacity=&#8221;0.5&#8243; background_hover_color_opacity=&#8221;1&#8243; width=&#8221;2\/3&#8243; tablet_text_alignment=&#8221;default&#8221; phone_text_alignment=&#8221;default&#8221;][vc_column_text css=&#8221;.vc_custom_1721670763354{padding-top: 50px !important;}&#8221;]\n<h1 id=\"history\">NOTRE HISTOIRE<\/h1>\n[\/vc_column_text][vc_column_text css=&#8221;.vc_custom_1721670788505{padding-top: 20px !important;padding-right: 50px !important;padding-bottom: 50px !important;padding-left: 50px !important;}&#8221;]<span style=\"font-weight: 400;\">Les Urnes B\u00e9gin a \u00e9t\u00e9 fond\u00e9e en 1991 par Jean-Pierre B\u00e9gin, un pionnier qui a reconnu l&#8217;importance croissante de la cr\u00e9mation \u00e0 une \u00e9poque o\u00f9 elle \u00e9tait encore une pratique relativement nouvelle avec une pr\u00e9sence modeste sur le march\u00e9. Pouss\u00e9 par une passion pour l&#8217;excellence et l&#8217;innovation, M. B\u00e9gin a commenc\u00e9 par fabriquer des urnes en bronze massif, gagnant rapidement une r\u00e9putation pour son savoir-faire sup\u00e9rieur.<\/span><\/p>\n<p><span style=\"font-weight: 400;\">Comprenant les besoins divers des familles en deuil, il a \u00e9largi l&#8217;offre de l&#8217;entreprise avec l&#8217;introduction de la Collection Zinc-Bronze. Cette nouvelle ligne a offert une alternative de haute qualit\u00e9 et abordable, \u00e9largissant la gamme de produits de l\u2019entreprise et solidifiant sa place sur le march\u00e9.<\/span><\/p>\n<p><span style=\"font-weight: 400;\">Aujourd&#8217;hui, l&#8217;h\u00e9ritage des Urnes B\u00e9gin se poursuit sous la direction de la fille de Jean-Pierre, Andr\u00e9anne B\u00e9gin. Avec elle \u00e0 la barre, l&#8217;entreprise a lanc\u00e9 plusieurs nouvelles collections, \u00e9tablissant constamment des standards de qualit\u00e9 et de design dans l&#8217;industrie.<\/span><\/p>\n<p><span style=\"font-weight: 400;\">Les Urnes B\u00e9gin est devenu synonyme d&#8217;excellence, renomm\u00e9 non seulement pour la beaut\u00e9 et la durabilit\u00e9 de ses produits mais aussi pour son approche personnalis\u00e9e du service client. Son engagement ind\u00e9fectible \u00e0 servir exclusivement les professionnels de l\u2019industrie fun\u00e9raire garantit \u00e0 ses partenaires un soutien personnalis\u00e9 et des produits exclusifs qui ne sont pas disponibles directement au grand public.<\/span><\/p>\n<p><span style=\"font-weight: 400;\">Depuis sa fondation jusqu&#8217;\u00e0 son rayonnement actuel au sein de l&#8217;industrie, Les Urnes B\u00e9gin demeure fid\u00e8le \u00e0 ses valeurs d&#8217;innovation, de qualit\u00e9 et une exp\u00e9rience client exceptionnelle.<\/span>[\/vc_column_text][\/vc_column][vc_column column_padding=&#8221;no-extra-padding&#8221; column_padding_position=&#8221;all&#8221; background_color_opacity=&#8221;1&#8243; background_hover_color_opacity=&#8221;1&#8243; width=&#8221;1\/6&#8243; tablet_text_alignment=&#8221;default&#8221; phone_text_alignment=&#8221;default&#8221;][vc_column_text]\n<p>&nbsp;<\/p>\n[\/vc_column_text][\/vc_column][\/vc_row][vc_row type=&#8221;in_container&#8221; full_screen_row_position=&#8221;middle&#8221; scene_position=&#8221;center&#8221; text_color=&#8221;dark&#8221; text_align=&#8221;left&#8221; top_padding=&#8221;0&#8243; bottom_padding=&#8221;0&#8243; class=&#8221;nomarginTB&#8221; overlay_strength=&#8221;0.3&#8243;][vc_column column_padding=&#8221;no-extra-padding&#8221; column_padding_position=&#8221;all&#8221; background_color_opacity=&#8221;1&#8243; background_hover_color_opacity=&#8221;1&#8243; width=&#8221;1\/6&#8243; tablet_text_alignment=&#8221;default&#8221; phone_text_alignment=&#8221;default&#8221;][\/vc_column][vc_column column_padding=&#8221;no-extra-padding&#8221; column_padding_position=&#8221;all&#8221; background_color_opacity=&#8221;1&#8243; background_hover_color_opacity=&#8221;1&#8243; width=&#8221;2\/3&#8243; tablet_text_alignment=&#8221;default&#8221; phone_text_alignment=&#8221;default&#8221;][carousel script=&#8221;owl_carousel&#8221; desktop_cols=&#8221;3&#8243; desktop_small_cols=&#8221;3&#8243; tablet_cols=&#8221;3&#8243; mobile_cols=&#8221;2&#8243; column_padding=&#8221;15px&#8221; autorotate=&#8221;true&#8221;][item id=&#8221;1721061303-1-53&#8243; tab_id=&#8221;1721061343536-7&#8243; title=&#8221;Item&#8221;]<div class=\"img-with-aniamtion-wrap center\" data-max-width=\"100%\"><div class=\"inner\"><img loading=\"lazy\" decoding=\"async\" data-shadow=\"none\" data-shadow-direction=\"middle\" class=\"img-with-animation imageBorder\" data-delay=\"0\" height=\"1000\" width=\"750\" data-animation=\"none\" src=\"https:\/\/urnesbegin.com\/wp-content\/uploads\/2024\/07\/1006.png\" alt=\"\" \/><\/div><\/div>[\/item][item id=&#8221;1721061303-2-20&#8243; tab_id=&#8221;1721061343667-8&#8243; title=&#8221;Item&#8221;]<div class=\"img-with-aniamtion-wrap center\" data-max-width=\"100%\"><div class=\"inner\"><img loading=\"lazy\" decoding=\"async\" data-shadow=\"none\" data-shadow-direction=\"middle\" class=\"img-with-animation imageBorder\" data-delay=\"0\" height=\"1000\" width=\"750\" data-animation=\"none\" src=\"https:\/\/urnesbegin.com\/wp-content\/uploads\/2024\/07\/1002.jpeg\" alt=\"\" \/><\/div><\/div>[\/item][item id=&#8221;1721061303-3-55&#8243; tab_id=&#8221;1721061343808-10&#8243; title=&#8221;Item&#8221;]<div class=\"img-with-aniamtion-wrap center\" data-max-width=\"100%\"><div class=\"inner\"><img loading=\"lazy\" decoding=\"async\" data-shadow=\"none\" data-shadow-direction=\"middle\" class=\"img-with-animation imageBorder\" data-delay=\"0\" height=\"1000\" width=\"750\" data-animation=\"none\" src=\"https:\/\/urnesbegin.com\/wp-content\/uploads\/2024\/07\/1004.jpeg\" alt=\"\" \/><\/div><\/div>[\/item][\/carousel][\/vc_column][vc_column column_padding=&#8221;no-extra-padding&#8221; column_padding_position=&#8221;all&#8221; background_color_opacity=&#8221;1&#8243; background_hover_color_opacity=&#8221;1&#8243; width=&#8221;1\/6&#8243; tablet_text_alignment=&#8221;default&#8221; phone_text_alignment=&#8221;default&#8221;][\/vc_column][\/vc_row][vc_row type=&#8221;full_width_background&#8221; full_screen_row_position=&#8221;middle&#8221; scene_position=&#8221;center&#8221; text_color=&#8221;dark&#8221; text_align=&#8221;center&#8221; top_padding=&#8221;20&#8243; bottom_padding=&#8221;0&#8243; class=&#8221;noMarginTB&#8221; overlay_strength=&#8221;0.3&#8243;][vc_column column_padding=&#8221;no-extra-padding&#8221; column_padding_position=&#8221;all&#8221; background_color_opacity=&#8221;1&#8243; background_hover_color_opacity=&#8221;1&#8243; width=&#8221;1\/6&#8243; tablet_text_alignment=&#8221;default&#8221; phone_text_alignment=&#8221;default&#8221;][vc_column_text]\n<p>&nbsp;<\/p>\n[\/vc_column_text][\/vc_column][vc_column centered_text=&#8221;true&#8221; column_padding=&#8221;no-extra-padding&#8221; column_padding_position=&#8221;all&#8221; background_color_opacity=&#8221;0.5&#8243; background_hover_color_opacity=&#8221;1&#8243; width=&#8221;2\/3&#8243; tablet_text_alignment=&#8221;default&#8221; phone_text_alignment=&#8221;default&#8221;][vc_column_text css=&#8221;.vc_custom_1721670818274{padding-top: 50px !important;}&#8221;]\n<h1 id=\"mission\">NOTRE MISSION<\/h1>\n[\/vc_column_text][vc_column_text css=&#8221;.vc_custom_1721670914772{padding-top: 20px !important;padding-right: 50px !important;padding-bottom: 50px !important;padding-left: 50px !important;}&#8221;]<span style=\"font-weight: 400;\">Notre mission est de soutenir exclusivement les professionnels du fun\u00e9raire en offrant une exp\u00e9rience client exceptionnelle. En plus de nos produits distinctifs, nous proposons un traitement de commandes efficace, une exp\u00e9dition rapide et un soutien personnalis\u00e9, contribuant ainsi \u00e0 faciliter la t\u00e2che des directeurs fun\u00e9raires.<\/span><\/p>\n<p><b><u>Nos valeurs fondamentales<\/u><\/b><\/p>\n<p><span style=\"font-weight: 400;\">Nos valeurs fondamentales nous ont guid\u00e9s \u00e0 chaque \u00e9tape de notre croissance et continuent de nous inspirer aujourd&#8217;hui :<\/span><\/p>\n<ul>\n<li><strong> Innovation continue<\/strong><\/li>\n<li><strong> Cr\u00e9ativit\u00e9 sans limites<\/strong><\/li>\n<li><strong> Expertise fine de production<\/strong><\/li>\n<li><strong> Excellence du service<\/strong><\/li>\n<\/ul>\n[\/vc_column_text][\/vc_column][vc_column column_padding=&#8221;no-extra-padding&#8221; column_padding_position=&#8221;all&#8221; background_color_opacity=&#8221;1&#8243; background_hover_color_opacity=&#8221;1&#8243; width=&#8221;1\/6&#8243; tablet_text_alignment=&#8221;default&#8221; phone_text_alignment=&#8221;default&#8221;][vc_column_text]\n<p>&nbsp;<\/p>\n[\/vc_column_text][\/vc_column][\/vc_row][vc_row type=&#8221;in_container&#8221; full_screen_row_position=&#8221;middle&#8221; scene_position=&#8221;center&#8221; text_color=&#8221;dark&#8221; text_align=&#8221;left&#8221; top_padding=&#8221;0&#8243; bottom_padding=&#8221;0&#8243; class=&#8221;nomarginTB&#8221; overlay_strength=&#8221;0.3&#8243;][vc_column column_padding=&#8221;no-extra-padding&#8221; column_padding_position=&#8221;all&#8221; background_color_opacity=&#8221;1&#8243; background_hover_color_opacity=&#8221;1&#8243; width=&#8221;1\/6&#8243; tablet_text_alignment=&#8221;default&#8221; phone_text_alignment=&#8221;default&#8221;][\/vc_column][vc_column column_padding=&#8221;no-extra-padding&#8221; column_padding_position=&#8221;all&#8221; background_color_opacity=&#8221;1&#8243; background_hover_color_opacity=&#8221;1&#8243; width=&#8221;2\/3&#8243; tablet_text_alignment=&#8221;default&#8221; phone_text_alignment=&#8221;default&#8221;][carousel script=&#8221;owl_carousel&#8221; desktop_cols=&#8221;3&#8243; desktop_small_cols=&#8221;3&#8243; tablet_cols=&#8221;3&#8243; mobile_cols=&#8221;2&#8243; column_padding=&#8221;15px&#8221; autorotate=&#8221;true&#8221;][item id=&#8221;1721061303-1-53&#8243; tab_id=&#8221;1721061343536-7&#8243; title=&#8221;Item&#8221;]<div class=\"img-with-aniamtion-wrap center\" data-max-width=\"100%\"><div class=\"inner\"><img loading=\"lazy\" decoding=\"async\" data-shadow=\"none\" data-shadow-direction=\"middle\" class=\"img-with-animation \" data-delay=\"0\" height=\"1000\" width=\"750\" data-animation=\"fade-in\" src=\"https:\/\/urnesbegin.com\/wp-content\/uploads\/2024\/07\/1003.jpeg\" alt=\"\" \/><\/div><\/div>[\/item][item id=&#8221;1721061303-2-20&#8243; tab_id=&#8221;1721061343667-8&#8243; title=&#8221;Item&#8221;]<div class=\"img-with-aniamtion-wrap center\" data-max-width=\"100%\"><div class=\"inner\"><img loading=\"lazy\" decoding=\"async\" data-shadow=\"none\" data-shadow-direction=\"middle\" class=\"img-with-animation imageBorder\" data-delay=\"0\" height=\"1000\" width=\"750\" data-animation=\"fade-in\" src=\"https:\/\/urnesbegin.com\/wp-content\/uploads\/2024\/07\/1009.jpeg\" alt=\"\" \/><\/div><\/div>[\/item][item id=&#8221;1721061303-3-55&#8243; tab_id=&#8221;1721061343808-10&#8243; title=&#8221;Item&#8221;]<div class=\"img-with-aniamtion-wrap center\" data-max-width=\"100%\"><div class=\"inner\"><img loading=\"lazy\" decoding=\"async\" data-shadow=\"none\" data-shadow-direction=\"middle\" class=\"img-with-animation imageBorder\" data-delay=\"0\" height=\"1000\" width=\"750\" data-animation=\"fade-in\" src=\"https:\/\/urnesbegin.com\/wp-content\/uploads\/2024\/07\/1007.png\" alt=\"\" \/><\/div><\/div>[\/item][\/carousel][\/vc_column][vc_column column_padding=&#8221;no-extra-padding&#8221; column_padding_position=&#8221;all&#8221; background_color_opacity=&#8221;1&#8243; background_hover_color_opacity=&#8221;1&#8243; width=&#8221;1\/6&#8243; tablet_text_alignment=&#8221;default&#8221; phone_text_alignment=&#8221;default&#8221;][\/vc_column][\/vc_row][vc_row type=&#8221;full_width_background&#8221; full_screen_row_position=&#8221;middle&#8221; scene_position=&#8221;center&#8221; text_color=&#8221;dark&#8221; text_align=&#8221;center&#8221; top_padding=&#8221;20&#8243; bottom_padding=&#8221;0&#8243; overlay_strength=&#8221;0.3&#8243;][vc_column column_padding=&#8221;no-extra-padding&#8221; column_padding_position=&#8221;all&#8221; background_color_opacity=&#8221;1&#8243; background_hover_color_opacity=&#8221;1&#8243; width=&#8221;1\/6&#8243; tablet_text_alignment=&#8221;default&#8221; phone_text_alignment=&#8221;default&#8221;][vc_column_text]\n<p>&nbsp;<\/p>\n[\/vc_column_text][\/vc_column][vc_column centered_text=&#8221;true&#8221; column_padding=&#8221;no-extra-padding&#8221; column_padding_position=&#8221;all&#8221; background_color_opacity=&#8221;0.5&#8243; background_hover_color_opacity=&#8221;1&#8243; bottom_margin=&#8221;0&#8243; width=&#8221;2\/3&#8243; tablet_text_alignment=&#8221;default&#8221; phone_text_alignment=&#8221;default&#8221;][vc_column_text css=&#8221;.vc_custom_1721142343883{padding-top: 40px !important;}&#8221;]\n<h1>EXPERTISE<\/h1>\n[\/vc_column_text][vc_column_text css=&#8221;.vc_custom_1723668794515{padding-top: 20px !important;padding-right: 50px !important;padding-bottom: 50px !important;padding-left: 50px !important;}&#8221;]<span style=\"font-weight: 400;\">Chez Les Urnes B\u00e9gin, notre expertise repose sur trois \u00e9l\u00e9ments cl\u00e9s qui nous distinguent dans l&#8217;industrie.<\/span><\/p>\n<p><b>Alliage de bronze unique et comp\u00e9tence artistique<\/b><\/p>\n<p><span style=\"font-weight: 400;\">Nous avons d\u00e9velopp\u00e9 un alliage de bronze sp\u00e9cial qui, combin\u00e9 \u00e0 la comp\u00e9tence de nos artistes, nous permet de fabriquer des urnes en bronze magnifiquement polies. Ce niveau de qualit\u00e9 de finition est unique aux Urnes B\u00e9gin et contribue encore aujourd\u2019hui \u00e0 la renomm\u00e9e de l\u2019entreprise.<\/span><\/p>\n<p><b>D\u00e9veloppement de produits et cr\u00e9ation de pi\u00e8ces sur mesure<\/b><\/p>\n<p><span style=\"font-weight: 400;\">Nous sommes fiers de fabriquer toutes nos urnes, assurant un contr\u00f4le total sur la qualit\u00e9 et le design. Notre \u00e9quipe cr\u00e9ative excelle \u00e0 d\u00e9velopper de nouveaux mod\u00e8les de mani\u00e8re efficace et \u00e9conomique. En explorant constamment de nouvelles techniques de fabrication, mat\u00e9riaux et id\u00e9es, nous restons \u00e0 la pointe de l&#8217;innovation dans l&#8217;industrie. Nous ne distribuons aucune urne dont nous ne sommes pas le fabricant, nous permettant de maintenir des normes \u00e9lev\u00e9es de qualit\u00e9, d&#8217;offrir des produits uniques et originaux \u00e0 nos clients et de mieux g\u00e9rer le roulement d\u2019inventaire.<\/span><\/p>\n<p><span style=\"font-weight: 400;\">Nous excellons \u00e9galement dans la cr\u00e9ation de pi\u00e8ces sur mesure \u00e0 des co\u00fbts comp\u00e9titifs. Nous invitons notre client\u00e8le \u00e0 soumettre leurs projets personnalis\u00e9s, qu&#8217;il s&#8217;agisse de petits ornements utilisant la technique de la cire perdue ou de pi\u00e8ces personnalis\u00e9es plus grandes en bronze. Cette capacit\u00e9 nous permet d&#8217;offrir des solutions personnalis\u00e9es r\u00e9pondant aux besoins et d\u00e9sirs sp\u00e9cifiques de nos clients.<\/span><\/p>\n<p><b>D\u00e9partement de design graphique<\/b><\/p>\n<p><span style=\"font-weight: 400;\">Notre expertise comprend \u00e9galement un d\u00e9partement de design graphique d\u00e9di\u00e9 qui soutient nos produits personnalisables. Cette \u00e9quipe veille \u00e0 ce que chaque urne r\u00e9ponde aux attentes et se d\u00e9marque par son esth\u00e9tisme.<\/span><span id=\"careers\"><\/span><\/p>\n<p>&nbsp;[\/vc_column_text][\/vc_column][vc_column column_padding=&#8221;no-extra-padding&#8221; column_padding_position=&#8221;all&#8221; background_color_opacity=&#8221;1&#8243; background_hover_color_opacity=&#8221;1&#8243; width=&#8221;1\/6&#8243; tablet_text_alignment=&#8221;default&#8221; phone_text_alignment=&#8221;default&#8221;][vc_column_text]\n<p>&nbsp;<\/p>\n[\/vc_column_text][\/vc_column][\/vc_row][vc_row type=&#8221;in_container&#8221; full_screen_row_position=&#8221;middle&#8221; scene_position=&#8221;center&#8221; text_color=&#8221;dark&#8221; text_align=&#8221;left&#8221; top_padding=&#8221;0&#8243; bottom_padding=&#8221;0&#8243; class=&#8221;nomarginTB&#8221; overlay_strength=&#8221;0.3&#8243;][vc_column column_padding=&#8221;no-extra-padding&#8221; column_padding_position=&#8221;all&#8221; background_color_opacity=&#8221;1&#8243; background_hover_color_opacity=&#8221;1&#8243; width=&#8221;1\/6&#8243; tablet_text_alignment=&#8221;default&#8221; phone_text_alignment=&#8221;default&#8221;][\/vc_column][vc_column column_padding=&#8221;no-extra-padding&#8221; column_padding_position=&#8221;all&#8221; background_color_opacity=&#8221;1&#8243; background_hover_color_opacity=&#8221;1&#8243; width=&#8221;2\/3&#8243; tablet_text_alignment=&#8221;default&#8221; phone_text_alignment=&#8221;default&#8221;][carousel script=&#8221;owl_carousel&#8221; desktop_cols=&#8221;3&#8243; desktop_small_cols=&#8221;3&#8243; tablet_cols=&#8221;3&#8243; mobile_cols=&#8221;2&#8243; column_padding=&#8221;15px&#8221; autorotate=&#8221;true&#8221;][item id=&#8221;1721061303-1-53&#8243; tab_id=&#8221;1721061343536-7&#8243; title=&#8221;Item&#8221;]<div class=\"img-with-aniamtion-wrap center\" data-max-width=\"100%\"><div class=\"inner\"><img loading=\"lazy\" decoding=\"async\" data-shadow=\"none\" data-shadow-direction=\"middle\" class=\"img-with-animation imageBorder\" data-delay=\"0\" height=\"1000\" width=\"750\" data-animation=\"fade-in\" src=\"https:\/\/urnesbegin.com\/wp-content\/uploads\/2024\/07\/1001.jpeg\" alt=\"\" \/><\/div><\/div>[\/item][item id=&#8221;1721061303-2-20&#8243; tab_id=&#8221;1721061343667-8&#8243; title=&#8221;Item&#8221;]<div class=\"img-with-aniamtion-wrap center\" data-max-width=\"100%\"><div class=\"inner\"><img loading=\"lazy\" decoding=\"async\" data-shadow=\"none\" data-shadow-direction=\"middle\" class=\"img-with-animation imageBorder\" data-delay=\"0\" height=\"1000\" width=\"750\" data-animation=\"fade-in\" src=\"https:\/\/urnesbegin.com\/wp-content\/uploads\/2024\/07\/1005.png\" alt=\"\" \/><\/div><\/div>[\/item][item title=&#8221;Item&#8221; id=&#8221;1721067178108-0-3&#8243; tab_id=&#8221;1721067178110-9&#8243;]<div class=\"img-with-aniamtion-wrap center\" data-max-width=\"100%\"><div class=\"inner\"><img loading=\"lazy\" decoding=\"async\" data-shadow=\"none\" data-shadow-direction=\"middle\" class=\"img-with-animation imageBorder\" data-delay=\"0\" height=\"1000\" width=\"750\" data-animation=\"fade-in\" src=\"https:\/\/urnesbegin.com\/wp-content\/uploads\/2024\/07\/1008.jpeg\" alt=\"\" \/><\/div><\/div>[vc_column_text][\/vc_column_text][\/item][\/carousel][\/vc_column][vc_column column_padding=&#8221;no-extra-padding&#8221; column_padding_position=&#8221;all&#8221; background_color_opacity=&#8221;1&#8243; background_hover_color_opacity=&#8221;1&#8243; width=&#8221;1\/6&#8243; tablet_text_alignment=&#8221;default&#8221; phone_text_alignment=&#8221;default&#8221;][\/vc_column][\/vc_row][vc_row type=&#8221;in_container&#8221; full_screen_row_position=&#8221;middle&#8221; scene_position=&#8221;center&#8221; text_color=&#8221;dark&#8221; text_align=&#8221;left&#8221; disable_element=&#8221;yes&#8221; overlay_strength=&#8221;0.3&#8243;][vc_column column_padding=&#8221;no-extra-padding&#8221; column_padding_position=&#8221;all&#8221; background_color_opacity=&#8221;1&#8243; background_hover_color_opacity=&#8221;1&#8243; width=&#8221;1\/6&#8243; tablet_text_alignment=&#8221;default&#8221; phone_text_alignment=&#8221;default&#8221;][\/vc_column][vc_column column_padding=&#8221;no-extra-padding&#8221; column_padding_position=&#8221;all&#8221; background_color_opacity=&#8221;1&#8243; background_hover_color_opacity=&#8221;1&#8243; width=&#8221;2\/3&#8243; tablet_text_alignment=&#8221;default&#8221; phone_text_alignment=&#8221;default&#8221;][vc_column_text css=&#8221;.vc_custom_1720727770385{padding-top: 40px !important;}&#8221;]\n<h1 style=\"padding-bottom: 0px; margin-bottom: 12px;\"><img loading=\"lazy\" decoding=\"async\" class=\"alignright size-full wp-image-1938\" style=\"padding-top: 25px; margin-left: 15px;\" src=\"https:\/\/urnesbegin.com\/wp-content\/uploads\/2017\/02\/sceau.jpg\" alt=\"\" width=\"113\" height=\"113\" \/>TO ORDER<\/h1>\n<p style=\"font-size: 16px; line-height: 20px;\">As we do not deal directly with individual customers, you must go through a funeral home or cemetery to order the urn of your choice. They will place your order and let us know about any engraving you wish to have done.<\/p>\n[\/vc_column_text][\/vc_column][vc_column column_padding=&#8221;no-extra-padding&#8221; column_padding_position=&#8221;all&#8221; background_color_opacity=&#8221;1&#8243; background_hover_color_opacity=&#8221;1&#8243; width=&#8221;1\/6&#8243; tablet_text_alignment=&#8221;default&#8221; phone_text_alignment=&#8221;default&#8221;][\/vc_column][\/vc_row][vc_row type=&#8221;full_width_background&#8221; full_screen_row_position=&#8221;middle&#8221; scene_position=&#8221;center&#8221; text_color=&#8221;dark&#8221; text_align=&#8221;center&#8221; top_padding=&#8221;80&#8243; bottom_padding=&#8221;50&#8243; disable_element=&#8221;yes&#8221; overlay_strength=&#8221;0.3&#8243;][vc_column column_padding=&#8221;no-extra-padding&#8221; column_padding_position=&#8221;all&#8221; background_color_opacity=&#8221;1&#8243; background_hover_color_opacity=&#8221;1&#8243; width=&#8221;1\/6&#8243; tablet_text_alignment=&#8221;default&#8221; phone_text_alignment=&#8221;default&#8221;][vc_column_text]\n<p>&nbsp;<\/p>\n[\/vc_column_text][\/vc_column][vc_column column_padding=&#8221;no-extra-padding&#8221; column_padding_position=&#8221;all&#8221; background_color=&#8221;#ffffff&#8221; background_color_opacity=&#8221;0.5&#8243; background_hover_color_opacity=&#8221;1&#8243; bottom_margin=&#8221;250&#8243; width=&#8221;2\/3&#8243; tablet_text_alignment=&#8221;default&#8221; phone_text_alignment=&#8221;default&#8221;][vc_column_text css=&#8221;.vc_custom_1720727638825{padding-top: 40px !important;}&#8221;]\n<h1 id=\"careers\" style=\"text-align: center;\">Join Our Team<\/h1>\n[\/vc_column_text][vc_column_text css=&#8221;.vc_custom_1720727293242{padding-top: 20px !important;padding-right: 50px !important;padding-bottom: 50px !important;padding-left: 50px !important;}&#8221;]Are you looking for a rewarding career with a company that values its employees? B\u00e9gin Urns, a family-owned business since 1991, invites you to apply. Our loyal employees thrive in a friendly environment that fosters autonomy and growth. We offer competitive compensation packages and the chance to join a close-knit team dedicated to excellence. Come help us continue our legacy of quality and innovation. Apply today by sending your application to <a href=\"mailto:rh@urnesbegin.com\">rh@urnesbegin.com<\/a>[\/vc_column_text][\/vc_column][vc_column column_padding=&#8221;no-extra-padding&#8221; column_padding_position=&#8221;all&#8221; background_color_opacity=&#8221;1&#8243; background_hover_color_opacity=&#8221;1&#8243; width=&#8221;1\/6&#8243; tablet_text_alignment=&#8221;default&#8221; phone_text_alignment=&#8221;default&#8221;][vc_column_text]\n<p>&nbsp;<\/p>\n[\/vc_column_text][\/vc_column][\/vc_row]\n","protected":false},"excerpt":{"rendered":"<p>[vc_row type=&#8221;full_width_content&#8221; full_screen_row_position=&#8221;middle&#8221; scene_position=&#8221;center&#8221; text_color=&#8221;dark&#8221; text_align=&#8221;left&#8221; top_padding=&#8221;60&#8243; overlay_strength=&#8221;0.3&#8243;][vc_column column_padding=&#8221;no-extra-padding&#8221; column_padding_position=&#8221;all&#8221; background_color_opacity=&#8221;1&#8243; background_hover_color_opacity=&#8221;1&#8243; width=&#8221;1\/1&#8243; tablet_text_alignment=&#8221;default&#8221; phone_text_alignment=&#8221;default&#8221;][\/vc_column][\/vc_row][vc_row type=&#8221;full_width_background&#8221; full_screen_row_position=&#8221;middle&#8221; scene_position=&#8221;center&#8221; text_color=&#8221;dark&#8221; text_align=&#8221;center&#8221; top_padding=&#8221;0&#8243; bottom_padding=&#8221;0&#8243; overlay_strength=&#8221;0.3&#8243;][vc_column column_padding=&#8221;no-extra-padding&#8221; column_padding_position=&#8221;all&#8221; background_color_opacity=&#8221;1&#8243; background_hover_color_opacity=&#8221;1&#8243; width=&#8221;1\/6&#8243; tablet_text_alignment=&#8221;default&#8221; phone_text_alignment=&#8221;default&#8221;][vc_column_text][\/vc_column_text][\/vc_column][vc_column&#8230;<\/p>\n","protected":false},"author":11705,"featured_media":0,"parent":0,"menu_order":0,"comment_status":"closed","ping_status":"closed","template":"","meta":{"_acf_changed":false,"footnotes":""},"class_list":["post-54491","page","type-page","status-publish","hentry"],"acf":[],"_links":{"self":[{"href":"https:\/\/urnesbegin.com\/index.php?rest_route=\/wp\/v2\/pages\/54491","targetHints":{"allow":["GET"]}}],"collection":[{"href":"https:\/\/urnesbegin.com\/index.php?rest_route=\/wp\/v2\/pages"}],"about":[{"href":"https:\/\/urnesbegin.com\/index.php?rest_route=\/wp\/v2\/types\/page"}],"author":[{"embeddable":true,"href":"https:\/\/urnesbegin.com\/index.php?rest_route=\/wp\/v2\/users\/11705"}],"replies":[{"embeddable":true,"href":"https:\/\/urnesbegin.com\/index.php?rest_route=%2Fwp%2Fv2%2Fcomments&post=54491"}],"version-history":[{"count":6,"href":"https:\/\/urnesbegin.com\/index.php?rest_route=\/wp\/v2\/pages\/54491\/revisions"}],"predecessor-version":[{"id":54622,"href":"https:\/\/urnesbegin.com\/index.php?rest_route=\/wp\/v2\/pages\/54491\/revisions\/54622"}],"wp:attachment":[{"href":"https:\/\/urnesbegin.com\/index.php?rest_route=%2Fwp%2Fv2%2Fmedia&parent=54491"}],"curies":[{"name":"wp","href":"https:\/\/api.w.org\/{rel}","templated":true}]}}